{"id":10883,"date":"2014-10-11T14:58:50","date_gmt":"2014-10-11T14:58:50","guid":{"rendered":"http:\/\/avada.theme-fusion.com_demos\/portfolio\/?page_id=10883"},"modified":"2018-12-07T11:04:26","modified_gmt":"2018-12-07T11:04:26","slug":"sojonatura","status":"publish","type":"page","link":"https:\/\/sojonatura.com\/?page_id=10883","title":{"rendered":"Sojonatura"},"content":{"rendered":"<p><div class=\"fusion-fullwidth fullwidth-box fusion-builder-row-1 nonhundred-percent-fullwidth non-hundred-percent-height-scrolling\"  style='background-color: rgba(255,255,255,0.5);background-position: left top;background-repeat: no-repeat;padding-top:0px;padding-right:0px;padding-bottom:50px;padding-left:0px;border-top-width:0px;border-bottom-width:0px;border-color:#eae9e9;border-top-style:solid;border-bottom-style:solid;'><div class=\"fusion-builder-row fusion-row \"><div  class=\"fusion-layout-column fusion_builder_column fusion_builder_column_1_1 fusion-builder-column-0 fusion-one-full fusion-column-first fusion-column-last fusion-column-no-min-height 1_1\"  style='margin-top:0px;margin-bottom:0px;'><div class=\"fusion-column-wrapper\" style=\"padding: 0px 0px 0px 0px;background-position:left top;background-repeat:no-repeat;-webkit-background-size:cover;-moz-background-size:cover;-o-background-size:cover;background-size:cover;\"   data-bg-url=\"\"><div class=\"fusion-text\"><h1 style=\"text-align: center;\">BREVE HISTORIA DE SOJONATURA<\/h1>\n<\/div><div class=\"fusion-sep-clear\"><\/div><div class=\"fusion-separator sep-single sep-solid\" style=\"border-color:#e0e0e0;border-top-width:1px;margin-left: auto;margin-right: auto;margin-top:5px;margin-bottom:45px;width:100%;max-width:200px;\"><\/div><div class=\"fusion-clearfix\"><\/div><\/div><\/div><div  class=\"fusion-layout-column fusion_builder_column fusion_builder_column_1_1 fusion-builder-column-1 fusion-one-full fusion-column-first fusion-column-last fusion-column-no-min-height 1_1\"  style='margin-top:0px;margin-bottom:0px;'><div class=\"fusion-column-wrapper\" style=\"padding: 0px 0px 0px 0px;background-position:left top;background-repeat:no-repeat;-webkit-background-size:cover;-moz-background-size:cover;-o-background-size:cover;background-size:cover;\"   data-bg-url=\"\"><div class=\"imageframe-align-center\"><span style=\"-webkit-border-radius:5px;-moz-border-radius:5px;border-radius:5px;\" class=\"fusion-imageframe imageframe-none imageframe-1 hover-type-none fusion-animated\" data-animationType=\"fadeInLeft\" data-animationDuration=\"1.0\" data-animationOffset=\"100%\"><img loading=\"lazy\" decoding=\"async\" src=\"https:\/\/sojonatura.com\/wp-content\/uploads\/2018\/11\/foto-pagina-sojonatura.jpg\" width=\"850\" height=\"279\" alt=\"\" title=\"foto-pagina-sojonatura\" class=\"img-responsive wp-image-13554\" srcset=\"https:\/\/sojonatura.com\/wp-content\/uploads\/2018\/11\/foto-pagina-sojonatura-200x66.jpg 200w, https:\/\/sojonatura.com\/wp-content\/uploads\/2018\/11\/foto-pagina-sojonatura-400x131.jpg 400w, https:\/\/sojonatura.com\/wp-content\/uploads\/2018\/11\/foto-pagina-sojonatura-600x197.jpg 600w, https:\/\/sojonatura.com\/wp-content\/uploads\/2018\/11\/foto-pagina-sojonatura-800x263.jpg 800w, https:\/\/sojonatura.com\/wp-content\/uploads\/2018\/11\/foto-pagina-sojonatura.jpg 850w\" sizes=\"auto, (max-width: 800px) 100vw, 850px\" \/><\/span><\/div><div class=\"fusion-sep-clear\"><\/div><div class=\"fusion-separator fusion-full-width-sep sep-none\" style=\"margin-left: auto;margin-right: auto;margin-top:20px;margin-bottom:10px;\"><\/div><div class=\"fusion-clearfix\"><\/div><\/div><\/div><div  class=\"fusion-layout-column fusion_builder_column fusion_builder_column_1_6 fusion-builder-column-2 fusion-one-sixth fusion-column-first 1_6\"  style='margin-top:0px;margin-bottom:20px;width:16.66%;width:calc(16.66% - ( ( 4% + 4% ) * 0.1666 ) );margin-right: 4%;'><div class=\"fusion-column-wrapper\" style=\"padding: 0px 0px 0px 0px;background-position:left top;background-repeat:no-repeat;-webkit-background-size:cover;-moz-background-size:cover;-o-background-size:cover;background-size:cover;\"   data-bg-url=\"\"><div class=\"fusion-clearfix\"><\/div><\/div><\/div><div  class=\"fusion-layout-column fusion_builder_column fusion_builder_column_2_3 fusion-builder-column-3 fusion-two-third fusion-column-no-min-height 2_3\"  style='margin-top:0px;margin-bottom:0px;width:66.66%;width:calc(66.66% - ( ( 4% + 4% ) * 0.6666 ) );margin-right: 4%;'><div class=\"fusion-column-wrapper\" style=\"padding: 0px 0px 0px 0px;background-position:left top;background-repeat:no-repeat;-webkit-background-size:cover;-moz-background-size:cover;-o-background-size:cover;background-size:cover;\"   data-bg-url=\"\"><div class=\"fusion-text\"><p style=\"text-align: left;\">SOJONATURA, comenz\u00f3 su andadura en Lekunberri, un pueblo de unos 2000 habitantes situado al norte de Navarra en el Valle de Larraun a unos 730m de altitud y en la llanura de la Sierra de San Miguel de Aralar.<br \/>\nHayedos, robledales y montes repletos de plantas medicinales con cientos de kil\u00f3metros y apartado de toda contaminaci\u00f3n.<\/p>\n<p>Los primeros meses nos sirvieron para darnos cuenta de las posibilidades que nos ofrec\u00eda la zona en la elaboraci\u00f3n de productos naturales. Despu\u00e9s de un largo per\u00edodo de aprendizaje y formaci\u00f3n de varios a\u00f1os comenzamos con la recolecci\u00f3n de algunas plantas que generan beneficios para la salud de las personas. No todo lo pudimos encontrar aqu\u00ed, en este valle, ya que el clima al que pertenece esta zona es h\u00famedo y muy lluvioso, as\u00ed que nos hizo falta recolectar tambi\u00e9n distintas plantas en la Ribera Navarra, zona, desde luego, mucho mas seca, y con otro tipo de plantas.<\/p>\n<p>Somos nosotros, SOJONATURA, los que elaboramos los productos desde su inicio (recolecci\u00f3n) hasta su fin (distribuci\u00f3n) de manera artesanal y como se ven\u00eda haciendo antiguamente. All\u00e1 por los meses de abril y mayo comenzamos a salir al monte al menos dos d\u00edas a la semana para recolectar las plantas.<\/p>\n<p>La recolecci\u00f3n dura aproximadamente 4 \u00f3 5 meses, depende del clima. Por supuesto, tenemos en cuenta cu\u00e1l es el mejor d\u00eda o la mejor quincena en la recolecci\u00f3n de cada una de ellas, as\u00ed como el ciclo lunar. Una vez recolectado comenzamos a trabajar (siempre con plantas en fresco), en los diferentes productos que os mostramos tambi\u00e9n mediante varias t\u00e9cnicas (maceraci\u00f3n, cocci\u00f3n, extracci\u00f3n, etc.)<\/p>\n<p>En cuanto a la distribuci\u00f3n, deciros que nos encontrareis en diferentes\u00a0<a href=\"mercados.html\">Mercados Medievales y Artesanales<\/a>\u00a0de, sobre todo, Pa\u00eds Vasco y Navarra, sin descartar otros lugares como La Rioja, Cantabria o Castilla y Le\u00f3n. No obstante pod\u00e9is ver nuestro calendario anual de mercados en esta p\u00e1gina y quien no tenga posibilidad de acudir a estos mercados tambi\u00e9n puede contactar con nosotros a trav\u00e9s de nuestra direcci\u00f3n de correo, tel\u00e9fono o p\u00e1gina web. De antemano os agradecemos el tiempo que nos dedic\u00e1is as\u00ed como diferentes propuestas e ideas que esperamos recibir de todos vosotros. Esperamos que os guste la p\u00e1gina y los productos que os mostramos en ella.<\/p>\n<\/div><div class=\"fusion-clearfix\"><\/div><\/div><\/div><div  class=\"fusion-layout-column fusion_builder_column fusion_builder_column_1_6 fusion-builder-column-4 fusion-one-sixth fusion-column-last 1_6\"  style='margin-top:0px;margin-bottom:20px;width:16.66%;width:calc(16.66% - ( ( 4% + 4% ) * 0.1666 ) );'><div class=\"fusion-column-wrapper\" style=\"padding: 0px 0px 0px 0px;background-position:left top;background-repeat:no-repeat;-webkit-background-size:cover;-moz-background-size:cover;-o-background-size:cover;background-size:cover;\"   data-bg-url=\"\"><div class=\"fusion-clearfix\"><\/div><\/div><\/div><\/div><\/div><div class=\"fusion-bg-parallax\"  data-bg-align=\"left top\" data-direction=\"up\" data-mute=\"false\" data-opacity=\"100\" data-velocity=\"-0.3\" data-mobile-enabled=\"false\" data-break_parents=\"0\" data-bg-image=\"https:\/\/sojonatura.com\/wp-content\/uploads\/2018\/11\/feria.jpg\" data-bg-repeat=\"false\" data-bg-color=\"rgba(96,140,20,0.44)\" data-blend-mode=\"overlay\" data-bg-height=\"\" data-bg-width=\"\"><\/div><div class=\"fusion-fullwidth fullwidth-box fusion-builder-row-2 fusion-parallax-up nonhundred-percent-fullwidth non-hundred-percent-height-scrolling\"  style='background-color: rgba(96,140,20,0.44);background-image: url(\"https:\/\/sojonatura.com\/wp-content\/uploads\/2018\/11\/feria.jpg\");background-position: left top;background-repeat: no-repeat;background-blend-mode: overlay;padding-top:130px;padding-right:0px;padding-bottom:100px;padding-left:0px;border-top-width:0px;border-bottom-width:0px;border-color:#eae9e9;border-top-style:solid;border-bottom-style:solid;-webkit-background-size:cover;-moz-background-size:cover;-o-background-size:cover;background-size:cover;'><div class=\"fusion-builder-row fusion-row \"><div  class=\"fusion-layout-column fusion_builder_column fusion_builder_column_1_1 fusion-builder-column-5 fusion-one-full fusion-column-first fusion-column-last fusion-column-no-min-height 1_1\"  style='margin-top:0px;margin-bottom:0px;'><div class=\"fusion-column-wrapper\" style=\"padding: 0px 0px 0px 0px;background-position:left top;background-repeat:no-repeat;-webkit-background-size:cover;-moz-background-size:cover;-o-background-size:cover;background-size:cover;\"   data-bg-url=\"\"><div class=\"fusion-text\"><h1 style=\"text-align: center;\">Ferias y Mercados Artesanales<\/h1>\n<p style=\"text-align: center;\">B\u00fascanos en la Ferias y Mercados Artesanales de tu ciudad<\/p>\n<\/div><div class=\"fusion-clearfix\"><\/div><\/div><\/div><\/div><\/div><\/p>\n","protected":false},"excerpt":{"rendered":"","protected":false},"author":2,"featured_media":0,"parent":0,"menu_order":0,"comment_status":"open","ping_status":"closed","template":"100-width.php","meta":{"footnotes":""},"class_list":["post-10883","page","type-page","status-publish","hentry"],"aioseo_notices":[],"_links":{"self":[{"href":"https:\/\/sojonatura.com\/index.php?rest_route=\/wp\/v2\/pages\/10883","targetHints":{"allow":["GET"]}}],"collection":[{"href":"https:\/\/sojonatura.com\/index.php?rest_route=\/wp\/v2\/pages"}],"about":[{"href":"https:\/\/sojonatura.com\/index.php?rest_route=\/wp\/v2\/types\/page"}],"author":[{"embeddable":true,"href":"https:\/\/sojonatura.com\/index.php?rest_route=\/wp\/v2\/users\/2"}],"replies":[{"embeddable":true,"href":"https:\/\/sojonatura.com\/index.php?rest_route=%2Fwp%2Fv2%2Fcomments&post=10883"}],"version-history":[{"count":17,"href":"https:\/\/sojonatura.com\/index.php?rest_route=\/wp\/v2\/pages\/10883\/revisions"}],"predecessor-version":[{"id":13637,"href":"https:\/\/sojonatura.com\/index.php?rest_route=\/wp\/v2\/pages\/10883\/revisions\/13637"}],"wp:attachment":[{"href":"https:\/\/sojonatura.com\/index.php?rest_route=%2Fwp%2Fv2%2Fmedia&parent=10883"}],"curies":[{"name":"wp","href":"https:\/\/api.w.org\/{rel}","templated":true}]}}